{"id":1256,"date":"2016-02-12T08:12:49","date_gmt":"2016-02-12T08:12:49","guid":{"rendered":"http:\/\/demos.famethemes.com\/onepress\/?page_id=23"},"modified":"2017-10-06T21:42:33","modified_gmt":"2017-10-06T19:42:33","slug":"service-title-1","status":"publish","type":"page","link":"https:\/\/airelles-environnement.fr\/?page_id=1256","title":{"rendered":"Dossiers r\u00e9glementaires"},"content":{"rendered":"<p>[vc_row][vc_column width=&#8221;1\/3&#8243;][vc_single_image image=&#8221;1317&#8243; alignment=&#8221;center&#8221; css=&#8221;.vc_custom_1506854705596{background-position: center !important;background-repeat: no-repeat !important;background-size: cover !important;}&#8221;][\/vc_column][vc_column width=&#8221;2\/3&#8243;][vc_column_text]L\u2019obtention d\u2019un Arr\u00eat\u00e9 Pr\u00e9fectoral est indispensable \u00e0 l\u2019exploitation d\u2019un site class\u00e9 ICPE. Cet arr\u00eat\u00e9 est d\u00e9livr\u00e9 par la pr\u00e9fecture suite \u00e0 l\u2019instruction du dossier de Demande d\u2019Autorisation ou d\u2019Enregistrement ou de D\u00e9claration.<br \/>\nDe m\u00eame, la mise \u00e0 l\u2019arr\u00eat d\u2019un site class\u00e9 ICPE n\u00e9cessite la r\u00e9alisation d\u2019un m\u00e9moire de cessation d\u2019activit\u00e9.<\/p>\n<p>AIRELLES Environnement accompagne ses clients pour l\u2019ensemble des proc\u00e9dures administratives li\u00e9es aux installations class\u00e9es pour la protection de l\u2019environnement (ICPE).[\/vc_column_text][\/vc_column][\/vc_row]<\/p>\n","protected":false},"excerpt":{"rendered":"<p>DDAE, DDE, DD<br \/>\nPorter-\u00e0-connaissance<br \/>\nM\u00e9moire de cessation d\u2019activit\u00e9<br \/>\n<strong>Cliquez pour en savoir plus&#8230;<\/strong><\/p>\n","protected":false},"author":1,"featured_media":0,"parent":0,"menu_order":0,"comment_status":"closed","ping_status":"closed","template":"","meta":[],"_links":{"self":[{"href":"https:\/\/airelles-environnement.fr\/index.php?rest_route=\/wp\/v2\/pages\/1256"}],"collection":[{"href":"https:\/\/airelles-environnement.fr\/index.php?rest_route=\/wp\/v2\/pages"}],"about":[{"href":"https:\/\/airelles-environnement.fr\/index.php?rest_route=\/wp\/v2\/types\/page"}],"author":[{"embeddable":true,"href":"https:\/\/airelles-environnement.fr\/index.php?rest_route=\/wp\/v2\/users\/1"}],"replies":[{"embeddable":true,"href":"https:\/\/airelles-environnement.fr\/index.php?rest_route=%2Fwp%2Fv2%2Fcomments&post=1256"}],"version-history":[{"count":18,"href":"https:\/\/airelles-environnement.fr\/index.php?rest_route=\/wp\/v2\/pages\/1256\/revisions"}],"predecessor-version":[{"id":1606,"href":"https:\/\/airelles-environnement.fr\/index.php?rest_route=\/wp\/v2\/pages\/1256\/revisions\/1606"}],"wp:attachment":[{"href":"https:\/\/airelles-environnement.fr\/index.php?rest_route=%2Fwp%2Fv2%2Fmedia&parent=1256"}],"curies":[{"name":"wp","href":"https:\/\/api.w.org\/{rel}","templated":true}]}}