{"id":1292,"date":"2017-09-08T23:25:43","date_gmt":"2017-09-08T21:25:43","guid":{"rendered":"http:\/\/airelles-environnement.fr\/?page_id=1292"},"modified":"2017-10-01T15:51:08","modified_gmt":"2017-10-01T13:51:08","slug":"audit-de-due-diligence-environnementale","status":"publish","type":"page","link":"https:\/\/airelles-environnement.fr\/?page_id=1292","title":{"rendered":"Audit de due diligence environnementale"},"content":{"rendered":"<p>[vc_row][vc_column width=&#8221;1\/4&#8243;][vc_single_image image=&#8221;1315&#8243;][\/vc_column][vc_column width=&#8221;3\/4&#8243;][vc_column_text]Lors d\u2019un projet d\u2019acquisition d\u2019actif, r\u00e9aliser un diagnostic environnemental et un bilan de conformit\u00e9 r\u00e9glementaire est primordial afin de s\u2019assurer que le bien immobilier ne pr\u00e9sente aucun risque pour l\u2019environnement et les populations, et qu\u2019il est en conformit\u00e9 avec la r\u00e9glementation en vigueur.<\/p>\n<p>AIRELLES Environnement vous accompagne lors des acquisitions d\u2019actifs ICPE pour\u00a0:<br \/>\n&#8211; L\u2019analyse de la situation vis-\u00e0-vis d\u2019une contamination potentielle des sols et des eaux souterraines,<br \/>\n&#8211; L\u2019analyse de la conformit\u00e9 vis-\u00e0-vis de la r\u00e9glementation applicable,<br \/>\n&#8211; La revue du dossier technique immobilier.[\/vc_column_text][\/vc_column][\/vc_row]<\/p>\n","protected":false},"excerpt":{"rendered":"<p>Accompagnement lors des acquisitions d\u2019actifs ICPE.<br \/>\n<strong>Cliquez pour en savoir plus&#8230;<\/strong><\/p>\n","protected":false},"author":1,"featured_media":0,"parent":0,"menu_order":0,"comment_status":"closed","ping_status":"closed","template":"","meta":[],"_links":{"self":[{"href":"https:\/\/airelles-environnement.fr\/index.php?rest_route=\/wp\/v2\/pages\/1292"}],"collection":[{"href":"https:\/\/airelles-environnement.fr\/index.php?rest_route=\/wp\/v2\/pages"}],"about":[{"href":"https:\/\/airelles-environnement.fr\/index.php?rest_route=\/wp\/v2\/types\/page"}],"author":[{"embeddable":true,"href":"https:\/\/airelles-environnement.fr\/index.php?rest_route=\/wp\/v2\/users\/1"}],"replies":[{"embeddable":true,"href":"https:\/\/airelles-environnement.fr\/index.php?rest_route=%2Fwp%2Fv2%2Fcomments&post=1292"}],"version-history":[{"count":5,"href":"https:\/\/airelles-environnement.fr\/index.php?rest_route=\/wp\/v2\/pages\/1292\/revisions"}],"predecessor-version":[{"id":1509,"href":"https:\/\/airelles-environnement.fr\/index.php?rest_route=\/wp\/v2\/pages\/1292\/revisions\/1509"}],"wp:attachment":[{"href":"https:\/\/airelles-environnement.fr\/index.php?rest_route=%2Fwp%2Fv2%2Fmedia&parent=1292"}],"curies":[{"name":"wp","href":"https:\/\/api.w.org\/{rel}","templated":true}]}}