{"id":25,"date":"2016-02-12T08:13:22","date_gmt":"2016-02-12T08:13:22","guid":{"rendered":"http:\/\/demos.famethemes.com\/onepress\/?page_id=25"},"modified":"2017-10-06T21:42:51","modified_gmt":"2017-10-06T19:42:51","slug":"service-title-3","status":"publish","type":"page","link":"https:\/\/airelles-environnement.fr\/?page_id=25","title":{"rendered":"Etude de faisabilit\u00e9"},"content":{"rendered":"<p>[vc_row][vc_column width=&#8221;1\/4&#8243;][vc_single_image image=&#8221;1318&#8243; alignment=&#8221;center&#8221;][\/vc_column][vc_column width=&#8221;3\/4&#8243;][vc_column_text]Vous souhaitez valoriser un b\u00e2timent existant non class\u00e9 ICPE ou optimiser les capacit\u00e9s de stockage d\u2019un b\u00e2timent d\u00e9j\u00e0 class\u00e9 ICPE\u00a0?<\/p>\n<p>AIRELLES Environnement vous accompagne en :<br \/>\n&#8211; R\u00e9alisant l\u2019\u00e9tude technique et r\u00e9glementaire visant \u00e0 d\u00e9terminer les \u00e9carts vis-\u00e0-vis des Arr\u00eat\u00e9s Minist\u00e9riels correspondants aux rubriques ICPE que vous souhaitez appliquer sur votre site,<br \/>\n&#8211; Vous proposant la meilleure solution technico-\u00e9conomique afin de mener \u00e0 bien votre projet.[\/vc_column_text][\/vc_column][\/vc_row]<\/p>\n","protected":false},"excerpt":{"rendered":"<p>Analyse des \u00e9carts vis-\u00e0-vis des prescriptions des AM des rubriques ICPE envisag\u00e9es.<br \/>\nEstimation du co\u00fbt des travaux.<br \/>\n<strong>Cliquez pour en savoir plus&#8230;<\/strong><\/p>\n","protected":false},"author":1,"featured_media":0,"parent":0,"menu_order":0,"comment_status":"closed","ping_status":"closed","template":"","meta":[],"_links":{"self":[{"href":"https:\/\/airelles-environnement.fr\/index.php?rest_route=\/wp\/v2\/pages\/25"}],"collection":[{"href":"https:\/\/airelles-environnement.fr\/index.php?rest_route=\/wp\/v2\/pages"}],"about":[{"href":"https:\/\/airelles-environnement.fr\/index.php?rest_route=\/wp\/v2\/types\/page"}],"author":[{"embeddable":true,"href":"https:\/\/airelles-environnement.fr\/index.php?rest_route=\/wp\/v2\/users\/1"}],"replies":[{"embeddable":true,"href":"https:\/\/airelles-environnement.fr\/index.php?rest_route=%2Fwp%2Fv2%2Fcomments&post=25"}],"version-history":[{"count":7,"href":"https:\/\/airelles-environnement.fr\/index.php?rest_route=\/wp\/v2\/pages\/25\/revisions"}],"predecessor-version":[{"id":1607,"href":"https:\/\/airelles-environnement.fr\/index.php?rest_route=\/wp\/v2\/pages\/25\/revisions\/1607"}],"wp:attachment":[{"href":"https:\/\/airelles-environnement.fr\/index.php?rest_route=%2Fwp%2Fv2%2Fmedia&parent=25"}],"curies":[{"name":"wp","href":"https:\/\/api.w.org\/{rel}","templated":true}]}}