{"id":5330,"date":"2018-11-20T21:21:06","date_gmt":"2018-11-20T20:21:06","guid":{"rendered":"http:\/\/airelles-environnement.fr\/?page_id=5330"},"modified":"2021-11-15T14:49:11","modified_gmt":"2021-11-15T13:49:11","slug":"mentions-legales-et-donnees-personnelles","status":"publish","type":"page","link":"https:\/\/airelles-environnement.fr\/?page_id=5330","title":{"rendered":"Mentions l\u00e9gales et donn\u00e9es personnelles"},"content":{"rendered":"<p><strong>Ce site est la propri\u00e9t\u00e9 de\u00a0:<\/strong><\/p>\n<p>AIRELLES Environnement I SASU au capital de 3 000 \u20ac<\/p>\n<p>47 rue Amp\u00e8re I 75017 PARIS<\/p>\n<p>www.airelles-environnement.fr I 06 74 52 52 58<\/p>\n<p>SIRET\u00a0: 821 068 053 00023 I Identification TVA\u00a0: FR 42 821068053<\/p>\n<p><strong>Le directeur de la publication du site internet est\u00a0:<\/strong><\/p>\n<p>Julie LHERMITTE I pr\u00e9sidente de la soci\u00e9t\u00e9 AIRELLES Environnement<\/p>\n<p><a href=\"mailto:julie.lhermitte@airelles-environnement.fr\">julie.lhermitte@airelles-environnement.fr<\/a><\/p>\n<p><strong>L\u2019h\u00e9bergement du site internet est assur\u00e9e par la soci\u00e9t\u00e9\u00a0:<\/strong><\/p>\n<p>SAS OVH I 2 rue Kellermann I 59100 Roubaix<\/p>\n<p><strong><u>Conditions d\u2019utilisation du site internet <\/u><\/strong><\/p>\n<p>Le site internet <a href=\"http:\/\/www.airelles-environnement.fr\/\">www.airelles-environnement.fr<\/a>\u00a0a pour objet de proposer un contenu informatif non exhaustif sur les services propos\u00e9s par la soci\u00e9t\u00e9 pour aider les entreprises dans la gestion de leurs probl\u00e9matiques li\u00e9es \u00e0 la\u00a0r\u00e9glementation ICPE.<\/p>\n<p>Le propri\u00e9taire du site s\u2019\u00e9fforce de fournir sur le site <a href=\"http:\/\/www.airelles-environnement.fr\/\">www.airelles-environnement.fr<\/a>\u00a0des informations aussi pr\u00e9cises que possible. Toutefois, il ne pourra \u00eatre tenue responsable des omissions, des inexactitudes et des carences dans la mise \u00e0 journ qu\u2019elles soient de son fait ou du fait des tiers partenaires qui lui fournissent ces informations.<\/p>\n<p><strong><u>Propri\u00e9t\u00e9 intellectuelle <\/u><\/strong><\/p>\n<p>Le propri\u00e9taire du site est propri\u00e9taire des droits de propri\u00e9t\u00e9 intellectuelle ou d\u00e9tient les droits d\u2019usage sur tous les \u00e9l\u00e9ments accessibles sur le site, notamment les textes, graphismes, marques, logos, sons, images ou vid\u00e9os&#8230;<\/p>\n<p>La reproduction de tous documents, repr\u00e9sentation ou diffusion, en tout ou partie, du contenu publi\u00e9 sur ce site n\u2019est autoris\u00e9e qu\u2019\u00e0 des fins d\u2019information, \u00e0 titre exclusivement priv\u00e9 et n&#8217;est donc pas autoris\u00e9e sans le consentement expresse d&#8217;AIRELLES Environnement.<\/p>\n<p>Par ailleurs, l\u2019ensemble des marques cit\u00e9es dans le site sont des marques d\u00e9pos\u00e9es et donc prot\u00e9g\u00e9es. Toute utilisation de l\u2019une quelconque desdites marques ne peut \u00eatre faite sans leur consentement.<\/p>\n<p>Toute exploitation non autoris\u00e9e du site ou de l\u2019un des \u00e9l\u00e9ments qu\u2019il contient sera consid\u00e9r\u00e9e comme constitutive d\u2019une contrefa\u00e7on et poursuivie conform\u00e9ment aux dispositions des articles L.335-2 et suivants du Code de Propri\u00e9t\u00e9 Intellectuelle.<\/p>\n<p><strong><u>Liens hypertexte<\/u><\/strong><\/p>\n<p>Le site internet <a href=\"http:\/\/www.airelles-environnement.fr\/\">www.airelles-environnement.fr<\/a>\u00a0de AIRELLES Environnement offrent des liens hypertexte vers d\u2019autre sites internet.<\/p>\n<p>AIRELLES Environnement ne dispose donc d\u2019aucun moyen de contr\u00f4ler les sites en connexion avec ses sites internet. AIRELLES Environnement ne r\u00e9pond pas de la disponibilit\u00e9 de tels sites et sources externes, ni ne la garantit. Elle ne peut \u00eatre tenue pour responsable de tout dommage, de quelque nature que ce soit, r\u00e9sultant du contenu de ces sites ou sources externes, et notamment des informations, produits ou services qu\u2019ils proposent, ou de tout usage qui peut \u00eatre fait de ces \u00e9l\u00e9ments. Les risques li\u00e9s \u00e0 cette utilisation incombent pleinement \u00e0 l&#8217;internaute, qui doit se conformer \u00e0 leurs conditions d&#8217;utilisation.<\/p>\n<p><strong><u>Qu\u2019est ce qu\u2019un cookie\u00a0?<\/u><\/strong><\/p>\n<p>Le termes \u00ab\u00a0cookie\u00a0\u00bb est un terme g\u00e9n\u00e9rique qui d\u00e9signe tant un fichier texte d\u00e9pos\u00e9 dans un espace d\u00e9di\u00e9 du disque dur de votre terminal (ordinateur, tablette, t\u00e9l\u00e9phone mobile ou tout autre appareil optimis\u00e9 pour Internet), lors de la consultation d\u2019un contenu ou d\u2019une publicit\u00e9 en ligne, que les technologies similaires\u00a0permettant de lire ou \u00e9crire des informations sur le terminal d\u2019un utilisateur et de suivre en combinaison avec l\u2019usage de cookies son activit\u00e9 sur Internet. Certains cookies sont indispensables \u00e0 l\u2019utilisation du Site, d\u2019autres permettent d\u2019optimiser et de personnaliser les contenus affich\u00e9s.<\/p>\n<p><strong><u>Quels types de cookies sont utilis\u00e9s\u00a0?<\/u><\/strong><\/p>\n<p>Lorsque vous naviguez sur notre site internet <a href=\"http:\/\/www.airelles-environnement.fr\/\">www.airelles-environnement.fr<\/a>, des informations sont susceptibles d&#8217;\u00eatre enregistr\u00e9es ou lues dans votre terminal ou navigateur, avec votre accord.<\/p>\n<p>Notre site utilise des cookies de Google Analytics. Ces cookies permettent \u00e0 AIRELLES Environnement d\u2019analyser et de comprendre votre navigation. Ces diff\u00e9rents types de cookies sont indispensables pour son bon fonctionnement et pour l&#8217;analyse statistique des visites sur notre site. Si vous d\u00e9cidez de tous les bloquer, votre navigation pourrait en \u00eatre alt\u00e9r\u00e9e.<\/p>\n<p>En param\u00e9trant votre navigateur, vous pouvez \u00e0 tout moment et gratuitement, d\u00e9cider d\u2019activer ou non les cookies sur votre ordinateur en suivant l\u2019une des proc\u00e9dures ci-dessous.<\/p>\n<p><strong>Sous <\/strong><strong>le navigateur <\/strong><strong>Internet Explorer<\/strong>: onglet outil \/ options internet. Cliquez sur \u00ab\u00a0Confidentialit\u00e9\u00a0\u00bb et choisissez \u00ab\u00a0Bloquer tous les cookies\u00a0\u00bb. Validez sur Ok.<\/p>\n<p><strong>Sous le navigateur Firefox <\/strong>: onglet outil \/ options. Cliquez sur \u00ab\u00a0Vie priv\u00e9e\u00a0\u00bb, d\u00e9cochez la case \u00ab\u00a0Accepter les cookies\u00a0\u00bb. Validez sur Ok.<\/p>\n<p><strong>Sous le navigateur Safari<\/strong><strong>\u00a0: <\/strong>onglet menu \/ \u00e9dition, puis s\u00e9lectionnez \u00ab Pr\u00e9f\u00e9rences \u00bb.Cliquez sur \u00ab Confidentialit\u00e9 \u00bb.Positionnez le r\u00e9glage \u00ab Bloquer les cookies \u00bb sur \u00ab Toujours \u00bb puis validez sur OK.<\/p>\n<p><strong>Sous le navigateur Google Chrome\u00a0: <\/strong>Onglet param\u00e8tres \/ afficher les param\u00e8tres avanc\u00e9s. Dans la section \u00ab\u00a0Confidentialit\u00e9 \u00bb, cliquez sur le bouton \u00ab Param\u00e8tres de contenu \u00bb. Dans la section \u00ab Cookies \u00bb, s\u00e9lectionnez \u00ab\u00a0Interdire \u00e0 tous les sites de stocker des donn\u00e9es \u00bb et cochez la case \u00ab Bloquer les cookies et les donn\u00e9es de site tiers\u00a0\u00bb. Validez sur OK.<\/p>\n<p><strong><u>Donn\u00e9es personnelles<\/u><\/strong><\/p>\n<p>D&#8217;une fa\u00e7on g\u00e9n\u00e9rale, vous pouvez visiter notre site sur Internet sans avoir \u00e0 d\u00e9cliner votre identit\u00e9 et \u00e0 fournir des informations personnelles vous concernant. Cependant, nous pouvons parfois vous demander des informations. Par exemple, pour traiter une commande, \u00e9tablir une correspondance, ou soumettre une candidature \u00e0 un poste.<\/p>\n<p>Les donn\u00e9es \u00e0 caract\u00e8re personnel vous concernant collect\u00e9es\u00a0<em>via\u00a0<\/em>le site internet de AIRELLES Environnement permettent de r\u00e9pondre aux questions que vous nous adresser par le biais du formulaire de contact et ainsi d\u2019\u00e9tablir des statistiques de fr\u00e9quentations du site internet de AIRELLES Environnement. L\u2019utilisateur fournit ces informations en toute connaissance de cause, notamment lorsqu\u2019il proc\u00e8de par lui-m\u00eame \u00e0 leur saisir. Il est alors pr\u00e9cis\u00e9 \u00e0 l\u2019utilisateur du site <a href=\"http:\/\/www.airelles-environnement.fr\/\">www.airelles-environnement.fr<\/a>\u00a0l\u2019obligation ou non de fournir ces informations.<\/p>\n<p>Conform\u00e9ment \u00e0 la loi 78-17 du 6 janvier 1978 (modifi\u00e9 par la loi 2004-801 du 6 ao\u00fbt 2004 relative \u00e0 la protection des personnes physiques \u00e0 l\u2019\u00e9gard des traitements de donn\u00e9es \u00e0 caract\u00e8re personnel) relative \u00e0 l\u2019informatique, aux fichiers et aux libert\u00e9s, ce site n\u2019a pas fait l\u2019object d\u2019une d\u00e9claration aupr\u00e8s de la Commission Nationale de l\u2019Informatique et des Libert\u00e9s (<a href=\"http:\/\/www.cnil.fr\/\">www.cnil.fr<\/a>).<\/p>\n<p>Suivant les dispositions l\u00e9gales en vigueur, vous disposez\u00a0:<\/p>\n<ul>\n<li>D\u2019un droit d\u2019acc\u00e8s \u00e0 vos donn\u00e9es \u00e0 caract\u00e8re personnel,<\/li>\n<li>D\u2019un droit \u00e0 la rectification ou \u00e0 l\u2019effacement de celles-ci,<\/li>\n<li>Du droit \u00e0 la limitation du traitement dont vous faites l\u2019objet,<\/li>\n<li>Du droit de vous opposer au traitement.<\/li>\n<\/ul>\n<p>Vous pouvez excercer vos droits en nous contactant par mail\u00a0:\u00a0<a href=\"mailto:contact@airelles-environnement.fr\">contact@airelles-environnement.fr<\/a>,<\/p>\n<p>ou en adressant un courrier \u00e0 l\u2019adresse suivante\u00a0: AIRELLES Environnement I 47 rue Amp\u00e8re I 75017 PARIS.<\/p>\n<p>Si vous estimez, apr\u00e8s nous avoir contact\u00e9, que vos droits ne sont pas respect\u00e9s, vous pouvez adresser une r\u00e9clamation aupr\u00e8s d\u2019une autorit\u00e9 de contr\u00f4le, la Commission Nationale de l\u2019Informatique et des Libert\u00e9s (<a href=\"https:\/\/www.cnil.fr\/professionnel\">CNIL<\/a>),\u00a0<a href=\"http:\/\/www.cnil.fr\/\">www.cnil.fr<\/a><\/p>\n","protected":false},"excerpt":{"rendered":"<p>Ce site est la propri\u00e9t\u00e9 de\u00a0: AIRELLES Environnement I SASU au capital de 3 000 \u20ac 47 rue Amp\u00e8re I 75017 PARIS www.airelles-environnement.fr I 06 74 52 52 58 SIRET\u00a0: &#8230;<\/p>\n","protected":false},"author":1,"featured_media":0,"parent":0,"menu_order":0,"comment_status":"closed","ping_status":"closed","template":"","meta":[],"_links":{"self":[{"href":"https:\/\/airelles-environnement.fr\/index.php?rest_route=\/wp\/v2\/pages\/5330"}],"collection":[{"href":"https:\/\/airelles-environnement.fr\/index.php?rest_route=\/wp\/v2\/pages"}],"about":[{"href":"https:\/\/airelles-environnement.fr\/index.php?rest_route=\/wp\/v2\/types\/page"}],"author":[{"embeddable":true,"href":"https:\/\/airelles-environnement.fr\/index.php?rest_route=\/wp\/v2\/users\/1"}],"replies":[{"embeddable":true,"href":"https:\/\/airelles-environnement.fr\/index.php?rest_route=%2Fwp%2Fv2%2Fcomments&post=5330"}],"version-history":[{"count":4,"href":"https:\/\/airelles-environnement.fr\/index.php?rest_route=\/wp\/v2\/pages\/5330\/revisions"}],"predecessor-version":[{"id":27815,"href":"https:\/\/airelles-environnement.fr\/index.php?rest_route=\/wp\/v2\/pages\/5330\/revisions\/27815"}],"wp:attachment":[{"href":"https:\/\/airelles-environnement.fr\/index.php?rest_route=%2Fwp%2Fv2%2Fmedia&parent=5330"}],"curies":[{"name":"wp","href":"https:\/\/api.w.org\/{rel}","templated":true}]}}